{"id":8336,"date":"2023-02-22T16:19:45","date_gmt":"2023-02-22T19:19:45","guid":{"rendered":"https:\/\/jcb.valencemaquinas.com.br\/?page_id=8336"},"modified":"2024-03-02T10:44:50","modified_gmt":"2024-03-02T13:44:50","slug":"financiamento-2","status":"publish","type":"page","link":"https:\/\/guimaraesagro.com.br\/jcb\/financiamento-2\/","title":{"rendered":"Financiamento"},"content":{"rendered":"\t\t<div data-elementor-type=\"wp-page\" data-elementor-id=\"8336\" class=\"elementor elementor-8336\" data-elementor-post-type=\"page\">\n\t\t\t\t\t\t<section class=\"elementor-section elementor-top-section elementor-element elementor-element-37d2d65 elementor-section-full_width elementor-section-height-default elementor-section-height-default\" data-id=\"37d2d65\" data-element_type=\"section\" data-e-type=\"section\">\n\t\t\t\t\t\t<div class=\"elementor-container elementor-column-gap-no\">\n\t\t\t\t\t<div class=\"elementor-column elementor-col-100 elementor-top-column elementor-element elementor-element-d88d576\" data-id=\"d88d576\" data-element_type=\"column\" data-e-type=\"column\">\n\t\t\t<div class=\"elementor-widget-wrap elementor-element-populated\">\n\t\t\t\t\t\t<div class=\"elementor-element elementor-element-9be370e elementor-widget elementor-widget-image\" data-id=\"9be370e\" data-element_type=\"widget\" data-e-type=\"widget\" data-widget_type=\"image.default\">\n\t\t\t\t<div class=\"elementor-widget-container\">\n\t\t\t\t\t\t\t\t\t\t\t\t\t\t\t<img fetchpriority=\"high\" decoding=\"async\" width=\"1600\" height=\"871\" src=\"https:\/\/guimaraesagro.com.br\/jcb\/wp-content\/uploads\/2023\/02\/LANDINGFINANCEBANNER1-1.jpg\" class=\"attachment-full size-full wp-image-8341\" alt=\"\" srcset=\"https:\/\/guimaraesagro.com.br\/jcb\/wp-content\/uploads\/2023\/02\/LANDINGFINANCEBANNER1-1.jpg 1600w, https:\/\/guimaraesagro.com.br\/jcb\/wp-content\/uploads\/2023\/02\/LANDINGFINANCEBANNER1-1-300x163.jpg 300w, https:\/\/guimaraesagro.com.br\/jcb\/wp-content\/uploads\/2023\/02\/LANDINGFINANCEBANNER1-1-1024x557.jpg 1024w, https:\/\/guimaraesagro.com.br\/jcb\/wp-content\/uploads\/2023\/02\/LANDINGFINANCEBANNER1-1-768x418.jpg 768w, https:\/\/guimaraesagro.com.br\/jcb\/wp-content\/uploads\/2023\/02\/LANDINGFINANCEBANNER1-1-1536x836.jpg 1536w\" sizes=\"(max-width: 1600px) 100vw, 1600px\" \/>\t\t\t\t\t\t\t\t\t\t\t\t\t\t\t<\/div>\n\t\t\t\t<\/div>\n\t\t\t\t\t<\/div>\n\t\t<\/div>\n\t\t\t\t\t<\/div>\n\t\t<\/section>\n\t\t\t\t<section class=\"elementor-section elementor-top-section elementor-element elementor-element-99a409f elementor-section-boxed elementor-section-height-default elementor-section-height-default\" data-id=\"99a409f\" data-element_type=\"section\" data-e-type=\"section\" data-settings=\"{&quot;background_background&quot;:&quot;classic&quot;}\">\n\t\t\t\t\t\t<div class=\"elementor-container elementor-column-gap-no\">\n\t\t\t\t\t<div class=\"elementor-column elementor-col-100 elementor-top-column elementor-element elementor-element-e3a6177\" data-id=\"e3a6177\" data-element_type=\"column\" data-e-type=\"column\">\n\t\t\t<div class=\"elementor-widget-wrap elementor-element-populated\">\n\t\t\t\t\t\t<section class=\"elementor-section elementor-inner-section elementor-element elementor-element-7ac8325 elementor-section-boxed elementor-section-height-default elementor-section-height-default\" data-id=\"7ac8325\" data-element_type=\"section\" data-e-type=\"section\">\n\t\t\t\t\t\t<div class=\"elementor-container elementor-column-gap-default\">\n\t\t\t\t\t<div class=\"elementor-column elementor-col-50 elementor-inner-column elementor-element elementor-element-7d20cf0\" data-id=\"7d20cf0\" data-element_type=\"column\" data-e-type=\"column\">\n\t\t\t<div class=\"elementor-widget-wrap elementor-element-populated\">\n\t\t\t\t\t\t<div class=\"elementor-element elementor-element-8dba2ea elementor-widget elementor-widget-heading\" data-id=\"8dba2ea\" data-element_type=\"widget\" data-e-type=\"widget\" data-widget_type=\"heading.default\">\n\t\t\t\t<div class=\"elementor-widget-container\">\n\t\t\t\t\t<h2 class=\"elementor-heading-title elementor-size-default\">JCB FINANCE<\/h2>\t\t\t\t<\/div>\n\t\t\t\t<\/div>\n\t\t\t\t\t<\/div>\n\t\t<\/div>\n\t\t\t\t<div class=\"elementor-column elementor-col-50 elementor-inner-column elementor-element elementor-element-b56599d\" data-id=\"b56599d\" data-element_type=\"column\" data-e-type=\"column\">\n\t\t\t<div class=\"elementor-widget-wrap elementor-element-populated\">\n\t\t\t\t\t\t<div class=\"elementor-element elementor-element-102024c elementor-widget elementor-widget-text-editor\" data-id=\"102024c\" data-element_type=\"widget\" data-e-type=\"widget\" data-widget_type=\"text-editor.default\">\n\t\t\t\t<div class=\"elementor-widget-container\">\n\t\t\t\t\t\t\t\t\t<p>Pensando sempre em oferecer as melhores condi\u00e7\u00f5es para a compra das suas m\u00e1quinas, agora o JCB Finance oferece solu\u00e7\u00f5es completas de Leasing, CDC e Finame.\u00a0\u00a0<\/p>\t\t\t\t\t\t\t\t<\/div>\n\t\t\t\t<\/div>\n\t\t\t\t\t<\/div>\n\t\t<\/div>\n\t\t\t\t\t<\/div>\n\t\t<\/section>\n\t\t\t\t<section class=\"elementor-section elementor-inner-section elementor-element elementor-element-cb8651a elementor-section-boxed elementor-section-height-default elementor-section-height-default\" data-id=\"cb8651a\" data-element_type=\"section\" data-e-type=\"section\">\n\t\t\t\t\t\t<div class=\"elementor-container elementor-column-gap-default\">\n\t\t\t\t\t<div class=\"elementor-column elementor-col-33 elementor-inner-column elementor-element elementor-element-2bd69a2\" data-id=\"2bd69a2\" data-element_type=\"column\" data-e-type=\"column\">\n\t\t\t<div class=\"elementor-widget-wrap\">\n\t\t\t\t\t\t\t<\/div>\n\t\t<\/div>\n\t\t\t\t<div class=\"elementor-column elementor-col-33 elementor-inner-column elementor-element elementor-element-05f753e\" data-id=\"05f753e\" data-element_type=\"column\" data-e-type=\"column\">\n\t\t\t<div class=\"elementor-widget-wrap elementor-element-populated\">\n\t\t\t\t\t\t<div class=\"elementor-element elementor-element-8d23599 elementor-align-justify elementor-widget elementor-widget-button\" data-id=\"8d23599\" data-element_type=\"widget\" data-e-type=\"widget\" data-widget_type=\"button.default\">\n\t\t\t\t<div class=\"elementor-widget-container\">\n\t\t\t\t\t\t\t\t\t<div class=\"elementor-button-wrapper\">\n\t\t\t\t\t<a class=\"elementor-button elementor-button-link elementor-size-sm\" href=\"#elementor-action%3Aaction%3Dpopup%3Aopen%26settings%3DeyJpZCI6IjkzOSIsInRvZ2dsZSI6ZmFsc2V9\">\n\t\t\t\t\t\t<span class=\"elementor-button-content-wrapper\">\n\t\t\t\t\t\t\t\t\t<span class=\"elementor-button-text\">SOLICITAR SIMULA\u00c7\u00c3O<\/span>\n\t\t\t\t\t<\/span>\n\t\t\t\t\t<\/a>\n\t\t\t\t<\/div>\n\t\t\t\t\t\t\t\t<\/div>\n\t\t\t\t<\/div>\n\t\t\t\t\t<\/div>\n\t\t<\/div>\n\t\t\t\t<div class=\"elementor-column elementor-col-33 elementor-inner-column elementor-element elementor-element-b901da9\" data-id=\"b901da9\" data-element_type=\"column\" data-e-type=\"column\">\n\t\t\t<div class=\"elementor-widget-wrap\">\n\t\t\t\t\t\t\t<\/div>\n\t\t<\/div>\n\t\t\t\t\t<\/div>\n\t\t<\/section>\n\t\t\t\t\t<\/div>\n\t\t<\/div>\n\t\t\t\t\t<\/div>\n\t\t<\/section>\n\t\t\t\t<section class=\"elementor-section elementor-top-section elementor-element elementor-element-0a32496 elementor-section-full_width elementor-section-height-default elementor-section-height-default\" data-id=\"0a32496\" data-element_type=\"section\" data-e-type=\"section\">\n\t\t\t\t\t\t<div class=\"elementor-container elementor-column-gap-no\">\n\t\t\t\t\t<div class=\"elementor-column elementor-col-100 elementor-top-column elementor-element elementor-element-9c9ac6f\" data-id=\"9c9ac6f\" data-element_type=\"column\" data-e-type=\"column\">\n\t\t\t<div class=\"elementor-widget-wrap elementor-element-populated\">\n\t\t\t\t\t\t<div class=\"elementor-element elementor-element-edd8b36 elementor-widget elementor-widget-image\" data-id=\"edd8b36\" data-element_type=\"widget\" data-e-type=\"widget\" data-widget_type=\"image.default\">\n\t\t\t\t<div class=\"elementor-widget-container\">\n\t\t\t\t\t\t\t\t\t\t\t\t\t\t\t<img decoding=\"async\" width=\"1600\" height=\"805\" src=\"https:\/\/guimaraesagro.com.br\/jcb\/wp-content\/uploads\/2023\/02\/JCBFINANCEBR2.jpg\" class=\"attachment-full size-full wp-image-8354\" alt=\"\" srcset=\"https:\/\/guimaraesagro.com.br\/jcb\/wp-content\/uploads\/2023\/02\/JCBFINANCEBR2.jpg 1600w, https:\/\/guimaraesagro.com.br\/jcb\/wp-content\/uploads\/2023\/02\/JCBFINANCEBR2-300x151.jpg 300w, https:\/\/guimaraesagro.com.br\/jcb\/wp-content\/uploads\/2023\/02\/JCBFINANCEBR2-1024x515.jpg 1024w, https:\/\/guimaraesagro.com.br\/jcb\/wp-content\/uploads\/2023\/02\/JCBFINANCEBR2-768x386.jpg 768w, https:\/\/guimaraesagro.com.br\/jcb\/wp-content\/uploads\/2023\/02\/JCBFINANCEBR2-1536x773.jpg 1536w\" sizes=\"(max-width: 1600px) 100vw, 1600px\" \/>\t\t\t\t\t\t\t\t\t\t\t\t\t\t\t<\/div>\n\t\t\t\t<\/div>\n\t\t\t\t\t<\/div>\n\t\t<\/div>\n\t\t\t\t\t<\/div>\n\t\t<\/section>\n\t\t\t\t<\/div>\n\t\t","protected":false},"excerpt":{"rendered":"<p>JCB FINANCE Pensando sempre em oferecer as melhores condi\u00e7\u00f5es para a compra das suas m\u00e1quinas, agora o JCB Finance oferece solu\u00e7\u00f5es completas de Leasing, CDC e Finame.\u00a0\u00a0 SOLICITAR SIMULA\u00c7\u00c3O<\/p>\n","protected":false},"author":1,"featured_media":0,"parent":0,"menu_order":0,"comment_status":"closed","ping_status":"closed","template":"","meta":{"footnotes":""},"class_list":["post-8336","page","type-page","status-publish","hentry"],"_links":{"self":[{"href":"https:\/\/guimaraesagro.com.br\/jcb\/wp-json\/wp\/v2\/pages\/8336","targetHints":{"allow":["GET"]}}],"collection":[{"href":"https:\/\/guimaraesagro.com.br\/jcb\/wp-json\/wp\/v2\/pages"}],"about":[{"href":"https:\/\/guimaraesagro.com.br\/jcb\/wp-json\/wp\/v2\/types\/page"}],"author":[{"embeddable":true,"href":"https:\/\/guimaraesagro.com.br\/jcb\/wp-json\/wp\/v2\/users\/1"}],"replies":[{"embeddable":true,"href":"https:\/\/guimaraesagro.com.br\/jcb\/wp-json\/wp\/v2\/comments?post=8336"}],"version-history":[{"count":3,"href":"https:\/\/guimaraesagro.com.br\/jcb\/wp-json\/wp\/v2\/pages\/8336\/revisions"}],"predecessor-version":[{"id":9562,"href":"https:\/\/guimaraesagro.com.br\/jcb\/wp-json\/wp\/v2\/pages\/8336\/revisions\/9562"}],"wp:attachment":[{"href":"https:\/\/guimaraesagro.com.br\/jcb\/wp-json\/wp\/v2\/media?parent=8336"}],"curies":[{"name":"wp","href":"https:\/\/api.w.org\/{rel}","templated":true}]}}