{"id":14,"date":"2023-01-31T17:47:14","date_gmt":"2023-01-31T20:47:14","guid":{"rendered":"https:\/\/jcb.valencemaquinas.com.br\/?page_id=14"},"modified":"2023-07-12T22:33:20","modified_gmt":"2023-07-13T01:33:20","slug":"financiamento","status":"publish","type":"page","link":"https:\/\/guimaraesagro.com.br\/jcb\/financiamento\/","title":{"rendered":"Financiamento"},"content":{"rendered":"\t\t<div data-elementor-type=\"wp-page\" data-elementor-id=\"14\" class=\"elementor elementor-14\" data-elementor-post-type=\"page\">\n\t\t\t\t\t\t<section class=\"elementor-section elementor-top-section elementor-element elementor-element-f74eb56 elementor-section-full_width elementor-section-height-default elementor-section-height-default\" data-id=\"f74eb56\" data-element_type=\"section\" data-e-type=\"section\">\n\t\t\t\t\t\t<div class=\"elementor-container elementor-column-gap-no\">\n\t\t\t\t\t<div class=\"elementor-column elementor-col-100 elementor-top-column elementor-element elementor-element-fbb5191\" data-id=\"fbb5191\" data-element_type=\"column\" data-e-type=\"column\">\n\t\t\t<div class=\"elementor-widget-wrap elementor-element-populated\">\n\t\t\t\t\t\t<div class=\"elementor-element elementor-element-b53c300 elementor-widget elementor-widget-image\" data-id=\"b53c300\" data-element_type=\"widget\" data-e-type=\"widget\" data-widget_type=\"image.default\">\n\t\t\t\t<div class=\"elementor-widget-container\">\n\t\t\t\t\t\t\t\t\t\t\t\t\t\t\t<img fetchpriority=\"high\" decoding=\"async\" width=\"1600\" height=\"871\" src=\"https:\/\/guimaraesagro.com.br\/jcb\/wp-content\/uploads\/2023\/02\/LANDINGFINANCEBANNER1.jpg\" class=\"attachment-full size-full wp-image-639\" alt=\"\" srcset=\"https:\/\/guimaraesagro.com.br\/jcb\/wp-content\/uploads\/2023\/02\/LANDINGFINANCEBANNER1.jpg 1600w, https:\/\/guimaraesagro.com.br\/jcb\/wp-content\/uploads\/2023\/02\/LANDINGFINANCEBANNER1-300x163.jpg 300w, https:\/\/guimaraesagro.com.br\/jcb\/wp-content\/uploads\/2023\/02\/LANDINGFINANCEBANNER1-1024x557.jpg 1024w, https:\/\/guimaraesagro.com.br\/jcb\/wp-content\/uploads\/2023\/02\/LANDINGFINANCEBANNER1-768x418.jpg 768w, https:\/\/guimaraesagro.com.br\/jcb\/wp-content\/uploads\/2023\/02\/LANDINGFINANCEBANNER1-1536x836.jpg 1536w\" sizes=\"(max-width: 1600px) 100vw, 1600px\" \/>\t\t\t\t\t\t\t\t\t\t\t\t\t\t\t<\/div>\n\t\t\t\t<\/div>\n\t\t\t\t\t<\/div>\n\t\t<\/div>\n\t\t\t\t\t<\/div>\n\t\t<\/section>\n\t\t\t\t<section class=\"elementor-section elementor-top-section elementor-element elementor-element-8b67cf2 elementor-section-boxed elementor-section-height-default elementor-section-height-default\" data-id=\"8b67cf2\" data-element_type=\"section\" data-e-type=\"section\" data-settings=\"{&quot;background_background&quot;:&quot;classic&quot;}\">\n\t\t\t\t\t\t<div class=\"elementor-container elementor-column-gap-default\">\n\t\t\t\t\t<div class=\"elementor-column elementor-col-100 elementor-top-column elementor-element elementor-element-df31bd2\" data-id=\"df31bd2\" data-element_type=\"column\" data-e-type=\"column\">\n\t\t\t<div class=\"elementor-widget-wrap elementor-element-populated\">\n\t\t\t\t\t\t<section class=\"elementor-section elementor-inner-section elementor-element elementor-element-c59c3c3 elementor-section-boxed elementor-section-height-default elementor-section-height-default\" data-id=\"c59c3c3\" data-element_type=\"section\" data-e-type=\"section\">\n\t\t\t\t\t\t<div class=\"elementor-container elementor-column-gap-default\">\n\t\t\t\t\t<div class=\"elementor-column elementor-col-50 elementor-inner-column elementor-element elementor-element-f37920f\" data-id=\"f37920f\" data-element_type=\"column\" data-e-type=\"column\">\n\t\t\t<div class=\"elementor-widget-wrap elementor-element-populated\">\n\t\t\t\t\t\t<div class=\"elementor-element elementor-element-701c497 elementor-widget elementor-widget-heading\" data-id=\"701c497\" data-element_type=\"widget\" data-e-type=\"widget\" data-widget_type=\"heading.default\">\n\t\t\t\t<div class=\"elementor-widget-container\">\n\t\t\t\t\t<h2 class=\"elementor-heading-title elementor-size-default\">JCB FINANCE<\/h2>\t\t\t\t<\/div>\n\t\t\t\t<\/div>\n\t\t\t\t\t<\/div>\n\t\t<\/div>\n\t\t\t\t<div class=\"elementor-column elementor-col-50 elementor-inner-column elementor-element elementor-element-fe72861\" data-id=\"fe72861\" data-element_type=\"column\" data-e-type=\"column\">\n\t\t\t<div class=\"elementor-widget-wrap elementor-element-populated\">\n\t\t\t\t\t\t<div class=\"elementor-element elementor-element-a6481e3 elementor-widget elementor-widget-text-editor\" data-id=\"a6481e3\" data-element_type=\"widget\" data-e-type=\"widget\" data-widget_type=\"text-editor.default\">\n\t\t\t\t<div class=\"elementor-widget-container\">\n\t\t\t\t\t\t\t\t\t<p>Pensando sempre em oferecer as melhores condi\u00e7\u00f5es para a compra das suas m\u00e1quinas, agora o JCB Finance oferece solu\u00e7\u00f5es completas de Leasing, CDC e Finame.\u00a0<\/p>\t\t\t\t\t\t\t\t<\/div>\n\t\t\t\t<\/div>\n\t\t\t\t\t<\/div>\n\t\t<\/div>\n\t\t\t\t\t<\/div>\n\t\t<\/section>\n\t\t\t\t\t<\/div>\n\t\t<\/div>\n\t\t\t\t\t<\/div>\n\t\t<\/section>\n\t\t\t\t<section class=\"elementor-section elementor-top-section elementor-element elementor-element-577206e elementor-section-boxed elementor-section-height-default elementor-section-height-default\" data-id=\"577206e\" data-element_type=\"section\" data-e-type=\"section\">\n\t\t\t\t\t\t<div class=\"elementor-container elementor-column-gap-default\">\n\t\t\t\t\t<div class=\"elementor-column elementor-col-100 elementor-top-column elementor-element elementor-element-7d88615\" data-id=\"7d88615\" data-element_type=\"column\" data-e-type=\"column\">\n\t\t\t<div class=\"elementor-widget-wrap elementor-element-populated\">\n\t\t\t\t\t\t<div class=\"elementor-element elementor-element-dfd57f6 elementor-widget elementor-widget-heading\" data-id=\"dfd57f6\" data-element_type=\"widget\" data-e-type=\"widget\" data-widget_type=\"heading.default\">\n\t\t\t\t<div class=\"elementor-widget-container\">\n\t\t\t\t\t<h2 class=\"elementor-heading-title elementor-size-default\">FA\u00c7A A SUA SIMULA\u00c7\u00c3O<\/h2>\t\t\t\t<\/div>\n\t\t\t\t<\/div>\n\t\t\t\t<div class=\"elementor-element elementor-element-362c6ac elementor-align-justify elementor-widget elementor-widget-button\" data-id=\"362c6ac\" data-element_type=\"widget\" data-e-type=\"widget\" data-widget_type=\"button.default\">\n\t\t\t\t<div class=\"elementor-widget-container\">\n\t\t\t\t\t\t\t\t\t<div class=\"elementor-button-wrapper\">\n\t\t\t\t\t<a class=\"elementor-button elementor-button-link elementor-size-sm\" href=\"#elementor-action%3Aaction%3Dpopup%3Aopen%26settings%3DeyJpZCI6IjkzOSIsInRvZ2dsZSI6ZmFsc2V9\">\n\t\t\t\t\t\t<span class=\"elementor-button-content-wrapper\">\n\t\t\t\t\t\t\t\t\t<span class=\"elementor-button-text\">sOLICITAR INFORMA\u00c7\u00d5ES DE FINANCIAMENTO<\/span>\n\t\t\t\t\t<\/span>\n\t\t\t\t\t<\/a>\n\t\t\t\t<\/div>\n\t\t\t\t\t\t\t\t<\/div>\n\t\t\t\t<\/div>\n\t\t\t\t\t<\/div>\n\t\t<\/div>\n\t\t\t\t\t<\/div>\n\t\t<\/section>\n\t\t\t\t<\/div>\n\t\t","protected":false},"excerpt":{"rendered":"<p>JCB FINANCE Pensando sempre em oferecer as melhores condi\u00e7\u00f5es para a compra das suas m\u00e1quinas, agora o JCB Finance oferece solu\u00e7\u00f5es completas de Leasing, CDC e Finame.\u00a0 FA\u00c7A A SUA SIMULA\u00c7\u00c3O sOLICITAR INFORMA\u00c7\u00d5ES DE FINANCIAMENTO<\/p>\n","protected":false},"author":1,"featured_media":0,"parent":0,"menu_order":0,"comment_status":"closed","ping_status":"closed","template":"","meta":{"footnotes":""},"class_list":["post-14","page","type-page","status-publish","hentry"],"_links":{"self":[{"href":"https:\/\/guimaraesagro.com.br\/jcb\/wp-json\/wp\/v2\/pages\/14","targetHints":{"allow":["GET"]}}],"collection":[{"href":"https:\/\/guimaraesagro.com.br\/jcb\/wp-json\/wp\/v2\/pages"}],"about":[{"href":"https:\/\/guimaraesagro.com.br\/jcb\/wp-json\/wp\/v2\/types\/page"}],"author":[{"embeddable":true,"href":"https:\/\/guimaraesagro.com.br\/jcb\/wp-json\/wp\/v2\/users\/1"}],"replies":[{"embeddable":true,"href":"https:\/\/guimaraesagro.com.br\/jcb\/wp-json\/wp\/v2\/comments?post=14"}],"version-history":[{"count":0,"href":"https:\/\/guimaraesagro.com.br\/jcb\/wp-json\/wp\/v2\/pages\/14\/revisions"}],"wp:attachment":[{"href":"https:\/\/guimaraesagro.com.br\/jcb\/wp-json\/wp\/v2\/media?parent=14"}],"curies":[{"name":"wp","href":"https:\/\/api.w.org\/{rel}","templated":true}]}}