{"id":11,"date":"2023-01-31T17:47:13","date_gmt":"2023-01-31T20:47:13","guid":{"rendered":"https:\/\/jcb.valencemaquinas.com.br\/?page_id=11"},"modified":"2023-07-11T23:15:30","modified_gmt":"2023-07-12T02:15:30","slug":"grupo-guimaraes","status":"publish","type":"page","link":"https:\/\/guimaraesagro.com.br\/jcb\/grupo-guimaraes\/","title":{"rendered":"Grupo Guimar\u00e3es"},"content":{"rendered":"\t\t<div data-elementor-type=\"wp-page\" data-elementor-id=\"11\" class=\"elementor elementor-11\" data-elementor-post-type=\"page\">\n\t\t\t\t\t\t<section class=\"elementor-section elementor-top-section elementor-element elementor-element-33f3020 elementor-section-content-middle elementor-section-boxed elementor-section-height-default elementor-section-height-default\" data-id=\"33f3020\" data-element_type=\"section\" data-e-type=\"section\">\n\t\t\t\t\t\t<div class=\"elementor-container elementor-column-gap-no\">\n\t\t\t\t\t<div class=\"elementor-column elementor-col-100 elementor-top-column elementor-element elementor-element-b0b8542\" data-id=\"b0b8542\" data-element_type=\"column\" data-e-type=\"column\">\n\t\t\t<div class=\"elementor-widget-wrap elementor-element-populated\">\n\t\t\t\t\t\t<div class=\"elementor-element elementor-element-55bd75a elementor-widget elementor-widget-heading\" data-id=\"55bd75a\" data-element_type=\"widget\" data-e-type=\"widget\" data-widget_type=\"heading.default\">\n\t\t\t\t<div class=\"elementor-widget-container\">\n\t\t\t\t\t<h4 class=\"elementor-heading-title elementor-size-default\">Empresa<\/h4>\t\t\t\t<\/div>\n\t\t\t\t<\/div>\n\t\t\t\t<div class=\"elementor-element elementor-element-461c3b4 elementor-widget elementor-widget-image\" data-id=\"461c3b4\" data-element_type=\"widget\" data-e-type=\"widget\" data-widget_type=\"image.default\">\n\t\t\t\t<div class=\"elementor-widget-container\">\n\t\t\t\t\t\t\t\t\t\t\t\t\t\t\t<img fetchpriority=\"high\" decoding=\"async\" width=\"634\" height=\"532\" src=\"https:\/\/guimaraesagro.com.br\/jcb\/wp-content\/uploads\/2023\/07\/local.png\" class=\"attachment-full size-full wp-image-9165\" alt=\"\" srcset=\"https:\/\/guimaraesagro.com.br\/jcb\/wp-content\/uploads\/2023\/07\/local.png 634w, https:\/\/guimaraesagro.com.br\/jcb\/wp-content\/uploads\/2023\/07\/local-300x252.png 300w\" sizes=\"(max-width: 634px) 100vw, 634px\" \/>\t\t\t\t\t\t\t\t\t\t\t\t\t\t\t<\/div>\n\t\t\t\t<\/div>\n\t\t\t\t<div class=\"elementor-element elementor-element-478ec0a elementor-widget elementor-widget-text-editor\" data-id=\"478ec0a\" data-element_type=\"widget\" data-e-type=\"widget\" data-widget_type=\"text-editor.default\">\n\t\t\t\t<div class=\"elementor-widget-container\">\n\t\t\t\t\t\t\t\t\t<p><strong>NEG\u00d3CIO<\/strong><\/p>\n<p>Somos uma empresa focada na comercializa\u00e7\u00e3o de m\u00e1quinas, implementos agr\u00edcolas, pe\u00e7as e presta\u00e7\u00e3o de presta\u00e7\u00e3o de servi\u00e7os de alta qualidade.<\/p>\n<p><strong>MISS\u00c3O<\/strong><\/p>\n<p>Ajudar a promover de forma eficaz o desenvolvimento sustent\u00e1vel do agroneg\u00f3cio, assegurando a satisfa\u00e7\u00e3o de nossos clientes com solu\u00e7\u00f5es de alta tecnologia nas demandas de m\u00e1quinas, implementos agr\u00edcolas, pe\u00e7as e servi\u00e7os. VIS\u00c3O Sermos reconhecidos pela excel\u00eancia de nossos servi\u00e7os e produtos, expandindo e consolidando as marcas que representamos, tornando-se refer\u00eancia nacional em nosso segmento.<\/p>\n<p><strong>VALORES<\/strong><\/p>\n<p>A Guimar\u00e3es acredita nos seguintes valores como base de seus relacionamentos com seus Clientes, Fornecedores e Colaboradores: \u00c9tica e Transpar\u00eancia Respeito e Confian\u00e7a Humildade e Simplicidade Credibilidade e Comprometimento Disciplina e Valoriza\u00e7\u00e3o das Pessoas Iniciativa e Gest\u00e3o Participativa Responsabilidade Socioambiental<\/p>\n<p><\/p>\n<h5 class=\"article-title\">HIST\u00d3RICO<\/h5>\n<p>A Guimar\u00e3es Agr\u00edcola LTDA iniciou suas atividades em 1981, quando Orcival G. Guimar\u00e3es fundou na cidade de Rondon\u00f3polis, Mato Grosso, juntamente com sua esposa Magna N. Guimar\u00e3es, sua primeira revenda de m\u00e1quinas agr\u00edcolas. Conforme os neg\u00f3cios expandiram, o casal inaugurou a primeira filial em Primavera do Leste, em 1989, e na sequ\u00eancia, em 1992 e 1993, em Sorriso e Lucas do Rio Verde, regi\u00e3o promissora mais ao norte do estado. No ano 2000, por motivos log\u00edsticos, a Guimar\u00e3es Agr\u00edcola estabeleceu Lucas do Rio Verde como unidade Matriz. Em 2005, instalou uma nova filial na cidade de Paranatinga, que juntamente com Lucas do Rio Verde e Sorriso passam a ser concession\u00e1rias Massey Ferguson.&nbsp;<\/p><p>Compondo a rede, em 2008, a loja de Primavera do Leste tamb\u00e9m tornou-se concession\u00e1ria Massey Ferguson, juntamente com a nova filial, de Campo Verde. O Grupo Guimar\u00e3es atua h\u00e1 30 anos na agricultura e pecu\u00e1ria e \u00e9 composto pelas lojas Guimar\u00e3es Concession\u00e1rias Massey Ferguson, pelas lojas multimarcas \u2013 Guimaq \u2013 fundada em 1997 por Orcival e Uilmar G. Guimar\u00e3es em Rio Verde, Goi\u00e1s, e Guimar\u00e3es Multimarcas, em Nova Mutum, inaugurada em 2008. Pelo longo tempo de atua\u00e7\u00e3o, a Guimar\u00e3es \u00e9 uma empresa que conhece bem as dificuldades do homem do campo e os desafios da atividade e de sua regi\u00e3o de atua\u00e7\u00e3o, contribuindo assim para o sucesso da agricultura.<\/p>\n<p><\/p>\n<h5 class=\"article-title\"><br><\/h5>\t\t\t\t\t\t\t\t<\/div>\n\t\t\t\t<\/div>\n\t\t\t\t\t<\/div>\n\t\t<\/div>\n\t\t\t\t\t<\/div>\n\t\t<\/section>\n\t\t\t\t<\/div>\n\t\t","protected":false},"excerpt":{"rendered":"<p>Empresa NEG\u00d3CIO Somos uma empresa focada na comercializa\u00e7\u00e3o de m\u00e1quinas, implementos agr\u00edcolas, pe\u00e7as e presta\u00e7\u00e3o de presta\u00e7\u00e3o de servi\u00e7os de alta qualidade. MISS\u00c3O Ajudar a promover de forma eficaz o desenvolvimento sustent\u00e1vel do agroneg\u00f3cio, assegurando a satisfa\u00e7\u00e3o de nossos clientes com solu\u00e7\u00f5es de alta tecnologia nas demandas de m\u00e1quinas, implementos agr\u00edcolas, pe\u00e7as e servi\u00e7os. VIS\u00c3O [&hellip;]<\/p>\n","protected":false},"author":1,"featured_media":0,"parent":0,"menu_order":0,"comment_status":"closed","ping_status":"closed","template":"","meta":{"footnotes":""},"class_list":["post-11","page","type-page","status-publish","hentry"],"_links":{"self":[{"href":"https:\/\/guimaraesagro.com.br\/jcb\/wp-json\/wp\/v2\/pages\/11","targetHints":{"allow":["GET"]}}],"collection":[{"href":"https:\/\/guimaraesagro.com.br\/jcb\/wp-json\/wp\/v2\/pages"}],"about":[{"href":"https:\/\/guimaraesagro.com.br\/jcb\/wp-json\/wp\/v2\/types\/page"}],"author":[{"embeddable":true,"href":"https:\/\/guimaraesagro.com.br\/jcb\/wp-json\/wp\/v2\/users\/1"}],"replies":[{"embeddable":true,"href":"https:\/\/guimaraesagro.com.br\/jcb\/wp-json\/wp\/v2\/comments?post=11"}],"version-history":[{"count":0,"href":"https:\/\/guimaraesagro.com.br\/jcb\/wp-json\/wp\/v2\/pages\/11\/revisions"}],"wp:attachment":[{"href":"https:\/\/guimaraesagro.com.br\/jcb\/wp-json\/wp\/v2\/media?parent=11"}],"curies":[{"name":"wp","href":"https:\/\/api.w.org\/{rel}","templated":true}]}}