{"id":10,"date":"2023-01-31T17:47:13","date_gmt":"2023-01-31T20:47:13","guid":{"rendered":"https:\/\/jcb.valencemaquinas.com.br\/?page_id=10"},"modified":"2023-02-25T13:31:59","modified_gmt":"2023-02-25T16:31:59","slug":"sobre-a-jcb","status":"publish","type":"page","link":"https:\/\/guimaraesagro.com.br\/jcb\/sobre-a-jcb\/","title":{"rendered":"Sobre a JCB"},"content":{"rendered":"\t\t<div data-elementor-type=\"wp-page\" data-elementor-id=\"10\" class=\"elementor elementor-10\" data-elementor-post-type=\"page\">\n\t\t\t\t\t\t<section class=\"elementor-section elementor-top-section elementor-element elementor-element-9d5294b elementor-section-full_width elementor-section-height-default elementor-section-height-default\" data-id=\"9d5294b\" data-element_type=\"section\" data-e-type=\"section\">\n\t\t\t\t\t\t<div class=\"elementor-container elementor-column-gap-no\">\n\t\t\t\t\t<div class=\"elementor-column elementor-col-100 elementor-top-column elementor-element elementor-element-00ca819\" data-id=\"00ca819\" data-element_type=\"column\" data-e-type=\"column\">\n\t\t\t<div class=\"elementor-widget-wrap elementor-element-populated\">\n\t\t\t\t\t\t<div class=\"elementor-element elementor-element-cf45e58 elementor--h-position-center elementor--v-position-middle elementor-arrows-position-inside elementor-pagination-position-inside elementor-widget elementor-widget-slides\" data-id=\"cf45e58\" data-element_type=\"widget\" data-e-type=\"widget\" data-settings=\"{&quot;navigation&quot;:&quot;both&quot;,&quot;autoplay&quot;:&quot;yes&quot;,&quot;pause_on_hover&quot;:&quot;yes&quot;,&quot;pause_on_interaction&quot;:&quot;yes&quot;,&quot;autoplay_speed&quot;:5000,&quot;infinite&quot;:&quot;yes&quot;,&quot;transition&quot;:&quot;slide&quot;,&quot;transition_speed&quot;:500}\" data-widget_type=\"slides.default\">\n\t\t\t\t<div class=\"elementor-widget-container\">\n\t\t\t\t\t\t\t\t\t<div class=\"elementor-swiper\">\n\t\t\t\t\t<div class=\"elementor-slides-wrapper elementor-main-swiper swiper\" role=\"region\" aria-roledescription=\"carousel\" aria-label=\"Slides\" dir=\"ltr\" data-animation=\"fadeInUp\">\n\t\t\t\t<div class=\"swiper-wrapper elementor-slides\">\n\t\t\t\t\t\t\t\t\t\t<div class=\"elementor-repeater-item-cd0cf23 swiper-slide\" role=\"group\" aria-roledescription=\"slide\"><div class=\"swiper-slide-bg elementor-ken-burns elementor-ken-burns--in\" role=\"img\" aria-label=\"21022\"><\/div><div class=\"elementor-background-overlay\"><\/div><div class=\"swiper-slide-inner\" ><div class=\"swiper-slide-contents\"><div class=\"elementor-slide-heading\">HIST\u00d3RIA JCB<\/div><\/div><\/div><\/div>\t\t\t\t<\/div>\n\t\t\t\t\t\t\t<\/div>\n\t\t\t\t<\/div>\n\t\t\t\t\t\t\t\t<\/div>\n\t\t\t\t<\/div>\n\t\t\t\t\t<\/div>\n\t\t<\/div>\n\t\t\t\t\t<\/div>\n\t\t<\/section>\n\t\t\t\t<section class=\"elementor-section elementor-top-section elementor-element elementor-element-cc9746b elementor-section-boxed elementor-section-height-default elementor-section-height-default\" data-id=\"cc9746b\" data-element_type=\"section\" data-e-type=\"section\" data-settings=\"{&quot;background_background&quot;:&quot;classic&quot;}\">\n\t\t\t\t\t\t<div class=\"elementor-container elementor-column-gap-default\">\n\t\t\t\t\t<div class=\"elementor-column elementor-col-100 elementor-top-column elementor-element elementor-element-2f8ec1d\" data-id=\"2f8ec1d\" data-element_type=\"column\" data-e-type=\"column\">\n\t\t\t<div class=\"elementor-widget-wrap elementor-element-populated\">\n\t\t\t\t\t\t<div class=\"elementor-element elementor-element-5c14b19 elementor-widget elementor-widget-text-editor\" data-id=\"5c14b19\" data-element_type=\"widget\" data-e-type=\"widget\" data-widget_type=\"text-editor.default\">\n\t\t\t\t<div class=\"elementor-widget-container\">\n\t\t\t\t\t\t\t\t\t<p>Em cada canto do mundo voc\u00ea encontrar\u00e1 uma m\u00e1quina JCB.&nbsp;<\/p>\n<p>A JCB \u00e9 um dos tr\u00eas maiores fabricantes globais de equipamentos de constru\u00e7\u00e3o. <br><br>A empresa emprega cerca de 10.000 colaboradores em quatro continentes e comercializa seus produtos em 150 pa\u00edses por meio de 2.000 pontos de vendas.<\/p>\n<p>Ao longo de seus mais de 70 anos, a JCB sempre investiu pesado em pesquisa e desenvolvimento, mantendo-se na linha de frente da inova\u00e7\u00e3o.<\/p>\n<p>Hoje, a JCB tem algumas das melhores instala\u00e7\u00f5es de engenharia do mundo, produz mais de 300 modelos de m\u00e1quinas e mant\u00e9m uma reputa\u00e7\u00e3o \u00fanica de atendimento ao cliente.<\/p>\n<p>JCB, uma empresa realmente de classe mundial e ainda de propriedade familiar.<\/p>\n<p>A hist\u00f3ria da JCB \u00e9 marcada por inova\u00e7\u00e3o, ambi\u00e7\u00e3o e muito trabalho. Desde o simples in\u00edcio em 1945, construindo reboques basculantes para a agricultura, at\u00e9 atingir toda a for\u00e7a global em fabrica\u00e7\u00e3o que a empresa hoje exibe, a JCB sempre corre atr\u00e1s do novo para fazer o melhor. <br><br>O lema de meu pai e fundador da empresa, Joseph Cyril Bamford (Sr. JCB), era \u201cJamais contente\u201d. Isso representa exatamente a JCB: nunca se acomodar com suas conquistas. Mas acredito que at\u00e9 mesmo ele estaria surpreso com a empresa de hoje. <br>Atualmente, a JCB possui 22 f\u00e1bricas em cinco continentes e mais de 750 distribuidores ao redor do mundo.<\/p>\n<p>Trata-se de uma era espetacular. Em apenas 70 anos, a empresa de apenas um homem trabalhando dentro de uma garagem em Uttoxeter, na Inglaterra, tornou-se esta forte marca global, renomada pelo pioneirismo. Tudo isso se deve aos seus funcion\u00e1rios \u2013 um ex\u00e9rcito mundial de 10.000 pessoas que constitui a fam\u00edlia JCB, motivo de tanto orgulho. <br><br>As conquistas ao longo dos \u00faltimos 70 anos s\u00e3o consider\u00e1veis, mas na JCB sempre estamos olhando para a frente, em busca do pr\u00f3ximo sucesso. Enquanto falamos, a JCB continua a inovar e investir vastamente em pesquisa e desenvolvimento, particularmente na \u00e1rea de sustentabilidade, na qual as emiss\u00f5es e os custos de energia s\u00e3o cada vez mais importantes nas considera\u00e7\u00f5es de compras. <br><br>Muitos dos clientes da empresa precisar\u00e3o reinventar seus neg\u00f3cios para atender aos novos padr\u00f5es da constru\u00e7\u00e3o e \u00e0 legisla\u00e7\u00e3o de emiss\u00f5es. Como sempre, a JCB estar\u00e1 presente para apoi\u00e1-los em cada etapa.<br><br><br><strong>Anthony Bamford<\/strong><br><strong>Presidente JCB<\/strong><\/p>\t\t\t\t\t\t\t\t<\/div>\n\t\t\t\t<\/div>\n\t\t\t\t\t<\/div>\n\t\t<\/div>\n\t\t\t\t\t<\/div>\n\t\t<\/section>\n\t\t\t\t<\/div>\n\t\t","protected":false},"excerpt":{"rendered":"<p>HIST\u00d3RIA JCB Em cada canto do mundo voc\u00ea encontrar\u00e1 uma m\u00e1quina JCB.&nbsp; A JCB \u00e9 um dos tr\u00eas maiores fabricantes globais de equipamentos de constru\u00e7\u00e3o. A empresa emprega cerca de 10.000 colaboradores em quatro continentes e comercializa seus produtos em 150 pa\u00edses por meio de 2.000 pontos de vendas. Ao longo de seus mais de [&hellip;]<\/p>\n","protected":false},"author":1,"featured_media":0,"parent":0,"menu_order":0,"comment_status":"closed","ping_status":"closed","template":"","meta":{"footnotes":""},"class_list":["post-10","page","type-page","status-publish","hentry"],"_links":{"self":[{"href":"https:\/\/guimaraesagro.com.br\/jcb\/wp-json\/wp\/v2\/pages\/10","targetHints":{"allow":["GET"]}}],"collection":[{"href":"https:\/\/guimaraesagro.com.br\/jcb\/wp-json\/wp\/v2\/pages"}],"about":[{"href":"https:\/\/guimaraesagro.com.br\/jcb\/wp-json\/wp\/v2\/types\/page"}],"author":[{"embeddable":true,"href":"https:\/\/guimaraesagro.com.br\/jcb\/wp-json\/wp\/v2\/users\/1"}],"replies":[{"embeddable":true,"href":"https:\/\/guimaraesagro.com.br\/jcb\/wp-json\/wp\/v2\/comments?post=10"}],"version-history":[{"count":0,"href":"https:\/\/guimaraesagro.com.br\/jcb\/wp-json\/wp\/v2\/pages\/10\/revisions"}],"wp:attachment":[{"href":"https:\/\/guimaraesagro.com.br\/jcb\/wp-json\/wp\/v2\/media?parent=10"}],"curies":[{"name":"wp","href":"https:\/\/api.w.org\/{rel}","templated":true}]}}